{"id":484,"date":"2021-12-27T15:46:50","date_gmt":"2021-12-27T15:46:50","guid":{"rendered":"http:\/\/sc-kroessbach.at\/wp\/?page_id=484"},"modified":"2025-02-16T19:25:57","modified_gmt":"2025-02-16T19:25:57","slug":"statuten","status":"publish","type":"page","link":"https:\/\/sc-kroessbach.at\/wp\/statuten\/","title":{"rendered":"Statuten"},"content":{"rendered":"\n<h2 class=\"wp-block-heading\" id=\"cc-m-header-11823854923\">STATUTEN<\/h2>\n\n\n\n<h3 class=\"wp-block-heading\" id=\"cc-m-header-11823856323\">des Sportclub Kr\u00f6ssbach Unterberg<\/h3>\n\n\n\n<h3 class=\"wp-block-heading\" id=\"cc-m-header-11823860523\">in 6167 Neustift &#8211; Kr\u00f6ssbach<\/h3>\n\n\n\n<p><strong>\u00a71 &#8211; Name, Sitz und T\u00e4tigkeitsgebiet<\/strong><br>Der Verein f\u00fchrt den Namen: Sportclub Kr\u00f6ssbach-Unterberg.<br>Sein Sitz ist in: 6167 Neustift-Kr\u00f6ssbach\/Stubaital<br>Die T\u00e4tigkeit des Vereines erstreckt sich auf das Bundesland Tirol<br><br><strong>\u00a7 2 &#8211; Zweck des Vereines<\/strong><br>Der Verein, dessen T\u00e4tigkeit nicht auf Gewinn gerichtet ist, bezweckt<br>a)&nbsp;&nbsp;die Pflege von geselligen Zusammenk\u00fcnften<br>b)&nbsp;&nbsp;die Pflege von Bet\u00e4tigung von Sport und von sportlichen Veranstaltungen im Rahmen von Freundschafts- und Wettbewerben.<br><br><strong>\u00a7 3 &#8211; Bildung des Vereines<\/strong><br>Der Verein wird durch die Aufnahme von Mitgliedern gebildet und erneuert. Die Bildung des Vereines erfolgt durch die Anmeldung der Proponenten &#8211; durch einstimmigen Beschlu\u00df eines Proponentenkomitees von 4 Personen, die durch diesen Beschlu\u00df Mitglieder des Vereines werden.<br>Vor der Konstituierung des Vereines werden die Mitglieder von den Proponenten oder dem Proponentenkomitee aufgenommen. Nach der Konstituierung des Vereines hat sich der Aufnahmewerber bei dem Vereinsvorstand zu melden, welcher berechtigt ist, die Aufnahme ohne Angabe von Gr\u00fcnden abzulehnen. Eine Berufung gegen diese Ablehnung ist nicht statthaft.<br>Um die Mitgliedschaft k\u00f6nnen sich alle Personen weiblichen oder m\u00e4nnlichen Geschlechts bewerben.<br><br><strong>\u00a7 4 &#8211; Mittel zur Erreichung des Zweckes und Art der Aufbringung<\/strong><br>Der Vereinszweck soll erreicht werden durch:<br>a)&nbsp;&nbsp;Versammlungen<br>b)&nbsp;&nbsp;Gesellige Zusammenk\u00fcnfte<br>c)&nbsp;&nbsp;Sonstige Zusammenk\u00fcnfte<br>d)&nbsp;&nbsp;Sportliches Training, Wettk\u00e4mpfe, Meisterschaften<br>Die Mittel zur Erreichung des Zweckes werden aufgebracht:<br>a)&nbsp;&nbsp;durch Mitgliedsbeitr\u00e4ge<br>b)&nbsp;&nbsp;durch Spenden<br><br><strong>\u00a75 &#8211; Mitgliedschaft<\/strong><br>Der Verein gliedert sich in:<br>a)&nbsp;&nbsp;Gr\u00fcndungsmitglieder<br>b)&nbsp;&nbsp;Ordentliche Mitglieder<br>c)&nbsp;&nbsp;Au\u00dferordentliche Mitglieder<br>d)&nbsp;&nbsp;Ehrenmitglieder<br>Zu a) Gr\u00fcndungsmitglieder sind alle Personen, die lt. Mitgliederliste des Jahres 1969\/1970 monatlich ihren Beitrag geleistet haben,<br>&nbsp;&nbsp;&nbsp;&nbsp;&nbsp;&nbsp;&nbsp;&nbsp;&nbsp;welcher zus\u00e4tzlich mit anderen Geldern zur Finanzierung des Sportplatzes verwendet wurde.<br>Zu b) ordentliche Mitglieder sind alle Personen, die ihren ordentlichen Wohnsitz im &#8222;Unterberg&#8220; (Beginn: Schaller bei Grutsch Helmut)<br>&nbsp;&nbsp;&nbsp;&nbsp;&nbsp;&nbsp;&nbsp;&nbsp;&nbsp;haben und j\u00e4hrlich ihren Mitgliedsbeitrag leisten.<br>Zu c)<\/p>\n\n\n\n<ol class=\"wp-block-list\">\n<li>Au\u00dferordentliche Mitglieder sind alle Personen, die ihre Arbeitsst\u00e4tte im Unterberg haben, die jedoch nicht ihren ordentlichen Wohnsitz sondern nur ihren Zweitwohnsitz im Unterberg haben und j\u00e4hrlich ihren Mitgliedsbeitrag leisten.<\/li>\n\n\n\n<li>Au\u00dferordentliche Mitglieder sind weiters alle, die ihre gesamte Pflichtschulzeit in der Volksschule Kr\u00f6\u00dfbach absolviert haben bzw. bis zum 18. Lebensjahr im Unterberg (Definition \u00a7 5 b) ihren ordentlichen Wohnsitz hatten, jetzt ihren ordentlichen Wohnsitz aber nicht mehr im Unterberg haben und j\u00e4hrlich ihren Mitgliedsbeitrag leisten, sowie deren Gatten(innen) und deren Kinder bis zum Ende des Pflichtschulalters.<\/li>\n\n\n\n<li>Weiters k\u00f6nnen als au\u00dferordentliche Mitglieder Personen aufgenommen werden, die den Verein aktiv bei Veranstaltungen aller Art unterst\u00fctzen und bereits ein Jahr vor der beantragten Mitgliedschaft diese Voraussetzung erf\u00fcllt haben. Die erstmalige Mitgliedschaft einer solchen antragstellenden Person hat der Ausschu\u00df auf Vorschlag der Sektionsleiter zu genehmigen.<\/li>\n<\/ol>\n\n\n\n<p>Der Anspruch auf Mitgliedschaft erlischt, wenn 3 Jahre keine Mitgliedschaft beantragt wird und keine aktive Leistung f\u00fcr den Verein erbracht wird.<br>Zu d) Ehrenmitglieder sind Personen, denen auf Grund eines Vorstandsbeschlusses wegen besonderer Verdienste f\u00fcr den Verein die<br>&nbsp;&nbsp;&nbsp;&nbsp;&nbsp;&nbsp;&nbsp;&nbsp;Ehrenmitgliedschaft verliehen wird. Ehrenmitglieder sind von der Bezahlung des j\u00e4hrlichen Mitgliedsbeitrages ausgenommen.<\/p>\n\n\n\n<p><strong>\u00a7 6 &#8211; Rechte der Mitglieder<\/strong><br>Die Mitglieder haben das Recht an allen Generalversammlungen teilzunehmen, Anfragen und Antr\u00e4ge zu stellen und ihre Stimme abzugeben. Jedem aktiven Mitglied steht im Rahmen der Vereinst\u00e4tigkeit in gleicher Weise das aktive und passive Wahlrecht zu. Bei Stimmabgabe hat jedoch jedes Mitglied nur eine Stimme. Weiters steht jedem Mitglied das Recht zu, an allen Einrichtungen des Vereines teilzuhaben und alle hiedurch gegebenen Vorteile in Anspruch zu nehmen. Der Austritt aus dem Verein steht jedem Mitglied jederzeit frei.<\/p>\n\n\n\n<p><strong>\u00a7 7 &#8211; Pflichten der Mitglieder<\/strong><br>Jedes Mitglied hat den Mitgliedsbeitrag, dessen H\u00f6he und F\u00e4lligkeit in der Generalversammlung festgesetzt wird, regelm\u00e4\u00dfig und p\u00fcnktlich zu bezahlen. Die Mitglieder sind verpflichtet, die Bestimmungen der Statuten zu beachten und einzuhalten, die Beschl\u00fcsse des Vorstandes und der Generalversammlung zu befolgen, das Interesse des Vereines nach Kr\u00e4ften zu f\u00f6rdern und die Bestrebungen des Vereines weitestgehendst zu unterst\u00fctzen. Jedes Mitglied hat weiters die Pflicht, das in ihn gesetzte Vertrauen durch die Annahme der Wahl zu rechtfertigen. Alle Mitglieder haben jede Art der Sch\u00e4digung des Vereines zu unterlassen.<\/p>\n\n\n\n<p><strong>\u00a7 8 &#8211; Aussschlu\u00df aus dem Verein<\/strong><br>Der Vorstand ist berechtigt, Mitglieder welche den Vereinszweck verletzen oder die Interessen des Vereines sch\u00e4digen oder mit der Mitgliedsbeitragsleistung mehr als 3 Monate schuldhaft im R\u00fcckstand sind, durch Beschlu\u00df vom Verein auszuschlie\u00dfen. Dieser Beschlu\u00df wird mit einfacher Stimmenmehrheit gefa\u00dft. Bei Stimmengleichheit entscheidet die Stimme des Vorsitzenden, der mitzustimmen hat. Der Beschlu\u00df ist dem auszuschlie\u00dfenden Mitglied bekanntzugeben.<br>Ausgeschlossene Mitglieder gehen aller aus dem Vereinsleben erworbenen Rechte verlustig.<\/p>\n\n\n\n<p><strong>\u00a7 9 &#8211; Mitgliedsnachweis<\/strong><br>Jedes Mitglied wird zum Nachweis seiner Mitgliedschaft bei seinem Eintritt ins Mitgliedsbuch eingetragen. In diesem erfolgt die Best\u00e4tigung \u00fcber die Leistung des Mitgliedsbeitrages. Der Austritt wird ebenfalls im Mitgliederverzeichnis festgehalten.<\/p>\n\n\n\n<p><strong>\u00a7 10 &#8211; Organe des Vereines<\/strong><br>Die Organe des Vereines sind:<br>a)&nbsp;&nbsp;Die Generalversammlung<br>b)&nbsp;&nbsp;Der Vorstand<br>c)&nbsp;&nbsp;Die Kassapr\u00fcfer<br>d)&nbsp;&nbsp;Das Schiedsgericht<\/p>\n\n\n\n<p><strong>\u00a7 11 &#8211; Die Generalversammlung ihre Obliegenheiten und Gesch\u00e4ftsordnung<\/strong><br>Mindestens 1 x im Jahr hat der Vorstand eine ordentliche Generalversammlung einzuberufen. Die Tagesordnung hiezu ist jedem Mitglied (pro Haushalt) ca. 7 Tage fr\u00fcher schriftlich bekanntzugeben.<br>Der Generalversammlung sind insbesondere vorbehalten:<br>a)&nbsp;&nbsp;Die Wahl des Vorstandes<br>b)&nbsp;&nbsp;Die Bestimmung der H\u00f6he der Mitgliedsbeitr\u00e4ge<br>c)&nbsp;&nbsp;Die \u00c4nderung der Statuten sowie deren Erg\u00e4nzungen<br>d)&nbsp;&nbsp;Die Entgegennahme und Beschlussfassung des j\u00e4hrlichen Rechenschaftsberichtes des Vorstandes<br>e)&nbsp;&nbsp;Die Entlastung des Vorstandes auf Grund des Rechenschaftsberichtes<br>f)&nbsp;&nbsp;Die Wahl der Kassenpr\u00fcfer und die Entgegennahme ihrer Berichte<br>g)&nbsp;&nbsp;Die freiwillige Aufl\u00f6sung des Vereines<br>h)&nbsp;&nbsp;Sonstige Angelegenheiten, insbesondere solche, die wegen ihrer Tragweite und Bedeutung f\u00fcr die Gesamtinteressen des Vereines von der Gesamtheit der Mitglieder beschlossen werden sollen.<br>Au\u00dferordentliche Generalversammlungen k\u00f6nnen vom Vorstand nach Bedarf einberufen werden. Eine ao. Generalversammlung mu\u00df vom Vorstand einberufen werden, wenn dies von mindestens 1\/4 der Mitglieder unter Bekanntgabe der Tagesordnung schriftlich verlangt und begr\u00fcndet wird. Der Vorstand ist in diesem Fall verpflichtet, die Versammlung innerhalb eines Monats einzuberufen. Das Verfahren zur Einberufung ist bei der ao. das gleiche, wie bei der ordentl. Generalversammlung. Jede Generalversammlung ist beschlu\u00dff\u00e4hig, wenn mindestens 1\/3 der Vereinsmitglieder anwesend sind. Ist diese Anzahl nicht erschienen, so findet eine 1\/2 Stunde sp\u00e4ter eine neue Generalversammlung mit derselben Tagesordnung statt, die ohne R\u00fccksicht auf die Anzahl der erschienenen Mitglieder beschlu\u00dff\u00e4hig ist.<br>Antr\u00e4ge zur Generalversammlung sind mindestens 24 Stunden vor der Generalversammlung beim Vorstand schriftlich einzureichen.<\/p>\n\n\n\n<p>Alle Wahlen und Beschl\u00fcsse der Generalversammlung erfolgen mit einfacher Stimmenmehrheit, ausgenommen sind Beschl\u00fcsse \u00fcber eine Statuten\u00e4nderung und einer Vereinsaufl\u00f6sung. Bei Wahlen gilt ein Wahlvorschlag bei Stimmengleichheit als abgelehnt. Bei Beschl\u00fcssen gibt die Stimme des Vorsitzenden, der ebenfalls mitzustimmen hat, bei Stimmengleichheit den Ausschlag. F\u00fcr den Beschlu\u00df der Vereinsaufl\u00f6sung ist jedoch eine Mehrheit von 2\/3 der Stimmen aller anwesenden Mitglieder erforderlich. \u00dcber die Generalversammlung und \u00fcber die Sitzungen des Vorstandes ist ein Protokollbuch zu f\u00fchren, in welchem deren Verlauf in seinen wichtigsten Teilen kurz festgehalten wird. Alle Beschl\u00fcsse sind jedoch w\u00f6rtlich in das Protokollbuch aufzunehmen. Ebenso sind bei Wahlen die Wahlvorschl\u00e4ge und &#8211; ergebnisse genau anzuf\u00fchren. Jedes Protokoll ist vom Obmann und zwei weiteren Ausschussmitgliedern zu unterschreiben.<\/p>\n\n\n\n<p><strong>\u00a7 12 &#8211; Der Vorstand<\/strong><br>Der Vorstand besteht aus dem Obmann, dem Obmannstellvertreter, dem Schriftf\u00fchrer, dem Kassier, dem Kassierstellvertreter, den Sektionsleitern und dem Zeugwart. S\u00e4mtliche Vorstandsmitglieder werden von der Generalversammlung mit einfacher Stimmenmehrheit auf 2 Jahre gew\u00e4hlt.<\/p>\n\n\n\n<p><strong>\u00a7 13 &#8211; Aufgaben der Vorstandsmitglieder<\/strong><br>Der Obmann, in dessen Verhinderung der Obmannstellvertreter, vertritt den Verein nach au\u00dfen, gegen\u00fcber Beh\u00f6rden und dritten Personen. Er beruft die Sitzungen ein und f\u00fchrt in den Sitzungen und Versammlungen den Vorsitz. Der Obmann ist auch der Leiter der durchzuf\u00fchrenden Wahlen. Er vollzieht die Beschl\u00fcsse des Vorstandes sowie der Generalversammlung. Der Schriftf\u00fchrer, in dessen Verhinderung ein Vorstandsmitglied, f\u00fchrt bei den Sitzungen und Versammlungen das Protokollbuch, verfa\u00dft alle vom Verein ausgehenden Schriften und Dokumente. Der Kassier, in dessen Verhinderung sein Stellvertreter, besorgt das Inkasso der Beitr\u00e4ge und sonstiger Einnahmen und die Auszahlungen sowie deren Verbuchungen. Zu diesem Zwecke hat er ein Kassabuch zu f\u00fchren. Au\u00dferdem hat er die Best\u00e4tigung \u00fcber die geleisteten Mitgliedsbeitr\u00e4ge jeweils vorzunehmen. Der Kassier ist dem Vorstand gegen\u00fcber f\u00fcr eine einwandfreie und ordnungsgem\u00e4\u00dfe Kassenf\u00fchrung verantwortlich.<br>Der Vorstand ist der Generalversammlung gegen\u00fcber f\u00fcr die Durchf\u00fchrung ihrer Beschl\u00fcsse, f\u00fcr die Leitung des Vereines und f\u00fcr die Verm\u00f6gensgebarung verantwortlich und hat dieser j\u00e4hrlich anl\u00e4\u00dflich der Jahreshauptversammlung Rechenschaft zu geben.<\/p>\n\n\n\n<p><strong>\u00a7 14 &#8211; Obliegenheiten des Vorstandes<\/strong><br>Dem Vorstand obliegen:<br>1)&nbsp;&nbsp;Die Verwaltung des Verm\u00f6gens<br>2)&nbsp;&nbsp;Die Entscheidung \u00fcber die Aufnahme und den Ausschlu\u00df vom Mitgliedern<br>3)&nbsp;&nbsp;Die Einberufung der ordentl. und ao. Generalversammlungen<br>4)&nbsp;&nbsp;Die Vorbereitung der Antr\u00e4ge f\u00fcr die Generalversammlung<br>5)&nbsp;&nbsp;Die Durchf\u00fchrung der Beschl\u00fcsse der Generalversammlung<br>6)&nbsp;&nbsp;Die Aufstellung des j\u00e4hrlichen Rechnungsabschlusses<br>7)&nbsp;&nbsp;Die Festlegung der Bedingungen f\u00fcr div. Veranstaltungen des Vereines<br>8)&nbsp;&nbsp;Die Erledigung aller Vereinsangelegenheiten, die nicht ausdr\u00fccklich der Generalversammlung vorbehalten ist.<br>Der Vorstand fa\u00dft seine Beschl\u00fcsse mit einfacher Stimmenmehrheit. Zur Beschlussfassung ist die Anwesenheit von mind. 5 Vorstandsmitgliedern notwendig. Bei Stimmengleichheit gibt der Vorsitzende, der ebenfalls mitzustimmen hat, mit seiner Stimmen den Ausschlag.<br>Die Stimmgebung ist m\u00fcndlich, sie kann jedoch vom Vorsitzenden durch Erheben der Hand oder durch Erheben vom Sitz durchgef\u00fchrt werden. Es bleibt dem Vorstand jedoch \u00fcberlassen, in einzelnen F\u00e4llen auch eine geheime Abstimmung zu beschlie\u00dfen.<br>\u00dcber die Sitzung des Vorstandes ist Protokoll zu f\u00fchren.<\/p>\n\n\n\n<p><strong>\u00a7 15 &#8211; Zeichnungsberechtigung<\/strong><br>Zeichnungsberechtigung besitzen bei schriftlichen Angelegenheiten &#8211; ausgenommen finanzielle &#8211; der Obmann und Schriftf\u00fchrer.<br>Bei finanziellen Angelegenheiten (Zeichnungsberechtigung bei Banken etc.) sind der Obmann und der Kassier zeichnungsberechtigt.<\/p>\n\n\n\n<p><strong>\u00a7 16 &#8211; Die Kassenpr\u00fcfer<\/strong><br>Von der Generalversammlung werden zwei Kassapr\u00fcfer, die dem Vorstand nicht angeh\u00f6ren d\u00fcrfen, auf die Dauer von 2 Jahren gew\u00e4hlt. Die Kassapr\u00fcfer haben die Pflicht, die Kassengesch\u00e4fte und die \u00fcbrige Verm\u00f6gensgebarung des Vereines zu \u00fcberwachen, und der Generalversammlung zu berichten.<\/p>\n\n\n\n<p><strong>\u00a7 17 &#8211; Das Schiedsgericht<\/strong><br>In allen aus dem Vereinsverh\u00e4ltnis sowohl zwischen dem Vorstand und einzelnen Mitgliedern, als auch zwischen den Mitgliedern untereinander, entscheidet das Schiedsgericht. Dieses wird gebildet indem jeder Streitteil ein Vereinsmitglied zum Schiedsrichter w\u00e4hlt. Die beiden Schiedsrichter w\u00e4hlen ein drittes an der Sache unbeteiligtes Vereinsmitglied zum Obmann des Schiedsgerichtes. Sollte bez\u00fcglich der Person des Schiedsrichterobmannes keine Einigung erzielt werden, so entscheidet unter den Vorgeschlagenen das Los.<\/p>\n\n\n\n<p>Das Schiedsgericht entscheidet nach bestem Wissen und Gewissen mit Stimmenmehrheit. Der Obmann des Schiedsgerichtes hat mitzustimmen. \u00dcber die Verhandlung ist ein Protokoll zu f\u00fchren, das von allen Schiedsgerichtsmitgliedern zu unterfertigen ist.<\/p>\n\n\n\n<p><strong>\u00a7 18 &#8211; Freiwillige Aufl\u00f6sung des Vereines<\/strong><br>Die freiwillige Aufl\u00f6sung kann durch 2\/3 Mehrheit der gesamten Mitglieder des Vereines in einer eigens hief\u00fcr einberufenen Generalversammlung beschlossen werden. Das bei der Aufl\u00f6sung vorhandene Vereinsverm\u00f6gen ist der Kirche Kr\u00f6ssbach zu \u00fcbergeben.<br>\u00dcber die \u00dcbergabe ist eine Niederschrift aufzunehmen.<\/p>\n\n\n\n<p><strong>Namen der Gr\u00fcndungsmitglieder lt. \u00a7 5 (Mitgliedschaft):<\/strong><\/p>\n\n\n\n<figure class=\"wp-block-table\"><table><tbody><tr><td>Comployer Fritz sen.<br>Comployer Rosa<br>Gleinser Franz sen. (Schneit)<br>Gleinser Franz (Tumiler)<br>Gleinser Raimund (Schneider)<br>Gleinser Leo<br>Gleinser Georg<br>Gleinser Johann jun. (Tumiler)<br>Gleinser Emanuel<br>Gleinser Otto<br>Gleinser Andreas (Hitter)<br>Gleirscher Herbert (Taxer)<br>Grutsch Helmut<br>Haas Heinrich<br>Kindl Rosa<br>Knoflach Andreas<br>Larcher Hermann<br>Matzak Hermann<br>M\u00fcller Roman (Resiler)<br>M\u00fcller Franz (Sagiler)<br>Pfurtscheller Raimund (Kastner)<br>Pfurtscheller Friedl (Sonnhof)<br>Pfurtscheller Rudolf (Sonnhof)<br>Pfurtscheller Anton (Taxer)<br>Pfurtscheller Alois (Taxer)<br>Pfurtscheller Loni (Edelwei\u00df)<br>Ribis Franz<br>Ranalter Anton<br>Ranalter Wendelin<br>Ribis Vinzenz<br>Siller Friedrich (Steger)<br>Siller Johann (Kratzer)<br>Stabinger Fritz<br>Stabinger Peter<br>Steirer Hermann<br>Steirer Adolf<br>Steirer Karl sen.<br>Steirer Ludwig<br>Steirer Otto<br>Steirer Walter sen.<br>Schlaucher Franz<br>Schlaucher Bruno jun.<br>Sch\u00f6nherr Walter (Schneider)<br>Volderauer Rudolf<br>Schlaucher Bruno sen.<br>Gleinser Johann sen.<\/td><td>Kr\u00f6ssbach<br>Kr\u00f6ssbach<br>Gasteig<br>Kr\u00f6ssbach<br>Gasteig<br>Gasteig<br>Kr\u00f6ssbach<br>Kr\u00f6ssbach<br>Kr\u00f6ssbach<br>Kr\u00f6ssbach<br>Gasteig<br>Kr\u00f6ssbach<br>Schaller<br>Kr\u00f6ssbach<br>Kr\u00f6ssbach<br>Kr\u00f6ssbach<br>Kr\u00f6ssbach<br>Gasteig<br>Gasteig<br>Schaller<br>Gasteig<br>Schaller<br>Schaller<br>Kr\u00f6ssbach<br>Kr\u00f6ssbach<br>Kr\u00f6ssbach<br>Schaller<br>Kr\u00f6ssbach<br>Kr\u00f6ssbach<br>Kr\u00f6ssbach<br>Kr\u00f6ssbach<br>Kr\u00f6ssbach<br>Kr\u00f6ssbach<br>Kr\u00f6ssbach<br>Kr\u00f6ssbach<br>Kr\u00f6ssbach<br>Kr\u00f6ssbach<br>Kr\u00f6ssbach<br>Kr\u00f6ssbach<br>Kr\u00f6ssbach<br>Kr\u00f6ssbach<br>Kr\u00f6ssbach<br>Gasteig<br>Volderau<br>Kr\u00f6ssbach<br>Kr\u00f6ssbach<\/td><\/tr><\/tbody><\/table><\/figure>\n\n\n\n<p><strong>Namen der au\u00dferordentlichen Mitglieder lt. Vollversammlungsbeschlu\u00df vom 30.11.1984<\/strong><\/p>\n\n\n\n<figure class=\"wp-block-table\"><table><tbody><tr><td>Hofer Erich &#8222;Spern&#8220;<br>Pfurtscheller Johann &#8222;Geir&#8220;<br>Sch\u00f6pf Leo &#8222;Polten&#8220;<\/td><td>Dresdner H\u00fctte<br>Volderau<br>Sulzenau H\u00fctte<\/td><\/tr><\/tbody><\/table><\/figure>\n\n\n\n<p><\/p>\n","protected":false},"excerpt":{"rendered":"<p>STATUTEN des Sportclub Kr\u00f6ssbach Unterberg in 6167 Neustift &#8211; Kr\u00f6ssbach \u00a71 &#8211; Name, Sitz und T\u00e4tigkeitsgebietDer Verein f\u00fchrt den Namen: Sportclub Kr\u00f6ssbach-Unterberg.Sein Sitz ist in: 6167 Neustift-Kr\u00f6ssbach\/StubaitalDie T\u00e4tigkeit des Vereines erstreckt sich auf das Bundesland Tirol \u00a7 2 &#8211; Zweck des VereinesDer Verein, dessen T\u00e4tigkeit nicht auf Gewinn gerichtet ist, [&hellip;]<\/p>\n","protected":false},"author":1,"featured_media":0,"parent":0,"menu_order":0,"comment_status":"closed","ping_status":"closed","template":"","meta":{"_themeisle_gutenberg_block_has_review":false,"footnotes":""},"class_list":["post-484","page","type-page","status-publish","hentry"],"yoast_head":"<!-- This site is optimized with the Yoast SEO plugin v21.4 - https:\/\/yoast.com\/wordpress\/plugins\/seo\/ -->\n<title>Statuten - SC Kr\u00f6ssbach-Unterberg<\/title>\n<meta name=\"robots\" content=\"index, follow, max-snippet:-1, max-image-preview:large, max-video-preview:-1\" \/>\n<link rel=\"canonical\" href=\"https:\/\/sc-kroessbach.at\/wp\/statuten\/\" \/>\n<meta property=\"og:locale\" content=\"de_DE\" \/>\n<meta property=\"og:type\" content=\"article\" \/>\n<meta property=\"og:title\" content=\"Statuten - SC Kr\u00f6ssbach-Unterberg\" \/>\n<meta property=\"og:description\" content=\"STATUTEN des Sportclub Kr\u00f6ssbach Unterberg in 6167 Neustift &#8211; Kr\u00f6ssbach \u00a71 &#8211; Name, Sitz und T\u00e4tigkeitsgebietDer Verein f\u00fchrt den Namen: Sportclub Kr\u00f6ssbach-Unterberg.Sein Sitz ist in: 6167 Neustift-Kr\u00f6ssbach\/StubaitalDie T\u00e4tigkeit des Vereines erstreckt sich auf das Bundesland Tirol \u00a7 2 &#8211; Zweck des VereinesDer Verein, dessen T\u00e4tigkeit nicht auf Gewinn gerichtet ist, [&hellip;]\" \/>\n<meta property=\"og:url\" content=\"https:\/\/sc-kroessbach.at\/wp\/statuten\/\" \/>\n<meta property=\"og:site_name\" content=\"SC Kr\u00f6ssbach-Unterberg\" \/>\n<meta property=\"article:modified_time\" content=\"2025-02-16T19:25:57+00:00\" \/>\n<meta name=\"twitter:card\" content=\"summary_large_image\" \/>\n<meta name=\"twitter:label1\" content=\"Gesch\u00e4tzte Lesezeit\" \/>\n\t<meta name=\"twitter:data1\" content=\"10\u00a0Minuten\" \/>\n<script type=\"application\/ld+json\" class=\"yoast-schema-graph\">{\"@context\":\"https:\/\/schema.org\",\"@graph\":[{\"@type\":\"WebPage\",\"@id\":\"https:\/\/sc-kroessbach.at\/wp\/statuten\/\",\"url\":\"https:\/\/sc-kroessbach.at\/wp\/statuten\/\",\"name\":\"Statuten - SC Kr\u00f6ssbach-Unterberg\",\"isPartOf\":{\"@id\":\"https:\/\/sc-kroessbach.at\/wp\/#website\"},\"datePublished\":\"2021-12-27T15:46:50+00:00\",\"dateModified\":\"2025-02-16T19:25:57+00:00\",\"breadcrumb\":{\"@id\":\"https:\/\/sc-kroessbach.at\/wp\/statuten\/#breadcrumb\"},\"inLanguage\":\"de\",\"potentialAction\":[{\"@type\":\"ReadAction\",\"target\":[\"https:\/\/sc-kroessbach.at\/wp\/statuten\/\"]}]},{\"@type\":\"BreadcrumbList\",\"@id\":\"https:\/\/sc-kroessbach.at\/wp\/statuten\/#breadcrumb\",\"itemListElement\":[{\"@type\":\"ListItem\",\"position\":1,\"name\":\"Home\",\"item\":\"https:\/\/sc-kroessbach.at\/wp\/\"},{\"@type\":\"ListItem\",\"position\":2,\"name\":\"Statuten\"}]},{\"@type\":\"WebSite\",\"@id\":\"https:\/\/sc-kroessbach.at\/wp\/#website\",\"url\":\"https:\/\/sc-kroessbach.at\/wp\/\",\"name\":\"SC Kr\u00f6ssbach-Unterberg\",\"description\":\"SC Kr\u00f6ssbach-Unterberg\",\"publisher\":{\"@id\":\"https:\/\/sc-kroessbach.at\/wp\/#organization\"},\"potentialAction\":[{\"@type\":\"SearchAction\",\"target\":{\"@type\":\"EntryPoint\",\"urlTemplate\":\"https:\/\/sc-kroessbach.at\/wp\/?s={search_term_string}\"},\"query-input\":\"required name=search_term_string\"}],\"inLanguage\":\"de\"},{\"@type\":\"Organization\",\"@id\":\"https:\/\/sc-kroessbach.at\/wp\/#organization\",\"name\":\"SC Kr\u00f6ssbach-Unterberg\",\"url\":\"https:\/\/sc-kroessbach.at\/wp\/\",\"logo\":{\"@type\":\"ImageObject\",\"inLanguage\":\"de\",\"@id\":\"https:\/\/sc-kroessbach.at\/wp\/#\/schema\/logo\/image\/\",\"url\":\"https:\/\/sc-kroessbach.at\/wp\/wp-content\/uploads\/2022\/08\/SCKroessbachLogo1.gif\",\"contentUrl\":\"https:\/\/sc-kroessbach.at\/wp\/wp-content\/uploads\/2022\/08\/SCKroessbachLogo1.gif\",\"width\":210,\"height\":180,\"caption\":\"SC Kr\u00f6ssbach-Unterberg\"},\"image\":{\"@id\":\"https:\/\/sc-kroessbach.at\/wp\/#\/schema\/logo\/image\/\"}}]}<\/script>\n<!-- \/ Yoast SEO plugin. -->","yoast_head_json":{"title":"Statuten - SC Kr\u00f6ssbach-Unterberg","robots":{"index":"index","follow":"follow","max-snippet":"max-snippet:-1","max-image-preview":"max-image-preview:large","max-video-preview":"max-video-preview:-1"},"canonical":"https:\/\/sc-kroessbach.at\/wp\/statuten\/","og_locale":"de_DE","og_type":"article","og_title":"Statuten - SC Kr\u00f6ssbach-Unterberg","og_description":"STATUTEN des Sportclub Kr\u00f6ssbach Unterberg in 6167 Neustift &#8211; Kr\u00f6ssbach \u00a71 &#8211; Name, Sitz und T\u00e4tigkeitsgebietDer Verein f\u00fchrt den Namen: Sportclub Kr\u00f6ssbach-Unterberg.Sein Sitz ist in: 6167 Neustift-Kr\u00f6ssbach\/StubaitalDie T\u00e4tigkeit des Vereines erstreckt sich auf das Bundesland Tirol \u00a7 2 &#8211; Zweck des VereinesDer Verein, dessen T\u00e4tigkeit nicht auf Gewinn gerichtet ist, [&hellip;]","og_url":"https:\/\/sc-kroessbach.at\/wp\/statuten\/","og_site_name":"SC Kr\u00f6ssbach-Unterberg","article_modified_time":"2025-02-16T19:25:57+00:00","twitter_card":"summary_large_image","twitter_misc":{"Gesch\u00e4tzte Lesezeit":"10\u00a0Minuten"},"schema":{"@context":"https:\/\/schema.org","@graph":[{"@type":"WebPage","@id":"https:\/\/sc-kroessbach.at\/wp\/statuten\/","url":"https:\/\/sc-kroessbach.at\/wp\/statuten\/","name":"Statuten - SC Kr\u00f6ssbach-Unterberg","isPartOf":{"@id":"https:\/\/sc-kroessbach.at\/wp\/#website"},"datePublished":"2021-12-27T15:46:50+00:00","dateModified":"2025-02-16T19:25:57+00:00","breadcrumb":{"@id":"https:\/\/sc-kroessbach.at\/wp\/statuten\/#breadcrumb"},"inLanguage":"de","potentialAction":[{"@type":"ReadAction","target":["https:\/\/sc-kroessbach.at\/wp\/statuten\/"]}]},{"@type":"BreadcrumbList","@id":"https:\/\/sc-kroessbach.at\/wp\/statuten\/#breadcrumb","itemListElement":[{"@type":"ListItem","position":1,"name":"Home","item":"https:\/\/sc-kroessbach.at\/wp\/"},{"@type":"ListItem","position":2,"name":"Statuten"}]},{"@type":"WebSite","@id":"https:\/\/sc-kroessbach.at\/wp\/#website","url":"https:\/\/sc-kroessbach.at\/wp\/","name":"SC Kr\u00f6ssbach-Unterberg","description":"SC Kr\u00f6ssbach-Unterberg","publisher":{"@id":"https:\/\/sc-kroessbach.at\/wp\/#organization"},"potentialAction":[{"@type":"SearchAction","target":{"@type":"EntryPoint","urlTemplate":"https:\/\/sc-kroessbach.at\/wp\/?s={search_term_string}"},"query-input":"required name=search_term_string"}],"inLanguage":"de"},{"@type":"Organization","@id":"https:\/\/sc-kroessbach.at\/wp\/#organization","name":"SC Kr\u00f6ssbach-Unterberg","url":"https:\/\/sc-kroessbach.at\/wp\/","logo":{"@type":"ImageObject","inLanguage":"de","@id":"https:\/\/sc-kroessbach.at\/wp\/#\/schema\/logo\/image\/","url":"https:\/\/sc-kroessbach.at\/wp\/wp-content\/uploads\/2022\/08\/SCKroessbachLogo1.gif","contentUrl":"https:\/\/sc-kroessbach.at\/wp\/wp-content\/uploads\/2022\/08\/SCKroessbachLogo1.gif","width":210,"height":180,"caption":"SC Kr\u00f6ssbach-Unterberg"},"image":{"@id":"https:\/\/sc-kroessbach.at\/wp\/#\/schema\/logo\/image\/"}}]}},"_links":{"self":[{"href":"https:\/\/sc-kroessbach.at\/wp\/wp-json\/wp\/v2\/pages\/484","targetHints":{"allow":["GET"]}}],"collection":[{"href":"https:\/\/sc-kroessbach.at\/wp\/wp-json\/wp\/v2\/pages"}],"about":[{"href":"https:\/\/sc-kroessbach.at\/wp\/wp-json\/wp\/v2\/types\/page"}],"author":[{"embeddable":true,"href":"https:\/\/sc-kroessbach.at\/wp\/wp-json\/wp\/v2\/users\/1"}],"replies":[{"embeddable":true,"href":"https:\/\/sc-kroessbach.at\/wp\/wp-json\/wp\/v2\/comments?post=484"}],"version-history":[{"count":1,"href":"https:\/\/sc-kroessbach.at\/wp\/wp-json\/wp\/v2\/pages\/484\/revisions"}],"predecessor-version":[{"id":3657,"href":"https:\/\/sc-kroessbach.at\/wp\/wp-json\/wp\/v2\/pages\/484\/revisions\/3657"}],"wp:attachment":[{"href":"https:\/\/sc-kroessbach.at\/wp\/wp-json\/wp\/v2\/media?parent=484"}],"curies":[{"name":"wp","href":"https:\/\/api.w.org\/{rel}","templated":true}]}}